{"id":2286,"date":"2020-12-03T13:43:46","date_gmt":"2020-12-03T12:43:46","guid":{"rendered":"https:\/\/www.monteabellon.com\/nuestros-vinos\/100-ribera-100-tempranillo\/"},"modified":"2025-01-17T11:28:17","modified_gmt":"2025-01-17T10:28:17","slug":"100-ribera-100-tempranillo","status":"publish","type":"product","link":"https:\/\/www.monteabellon.com\/en\/nuestros-vinos\/100-ribera-100-tempranillo\/","title":{"rendered":"100% Ribera, 100% tempranillo"},"content":{"rendered":"<p>Ribera del Duero y sus tintos caracter\u00edsticos, una evoluci\u00f3n en a\u00f1adas y pasos por madera. Desde la fruta m\u00e1s expl\u00edcita en el Avaniel tinto hasta la complejidad y elegancia del Finca Matambres con sus 20 meses en barrica. Un amplio recorrido por la Ribera del Duero y sus elaboraciones.<\/p>\n<p>1 botella Avaniel Tinto<br \/>\n2 botelas Monteabellon 5 meses<br \/>\n2 botellas Monteabellon 14 meses<br \/>\n1 botella Finca Matambres<\/p>\n<p>Abridor de regalo<\/p>\n","protected":false},"excerpt":{"rendered":"<p>Ribera del Duero y sus tintos caracter\u00edsticos, una evoluci\u00f3n en a\u00f1adas y pasos por madera. Desde la fruta m\u00e1s expl\u00edcita en el Avaniel tinto hasta la complejidad y elegancia del&#8230;<\/p>\n","protected":false},"featured_media":2253,"template":"","meta":[],"product_brand":[],"product_cat":[72],"product_tag":[],"class_list":{"0":"post-2286","1":"product","2":"type-product","3":"status-publish","4":"has-post-thumbnail","6":"product_cat-gift-ideas","8":"first","9":"instock","10":"shipping-taxable","11":"purchasable","12":"product-type-simple"},"_links":{"self":[{"href":"https:\/\/www.monteabellon.com\/en\/wp-json\/wp\/v2\/product\/2286","targetHints":{"allow":["GET"]}}],"collection":[{"href":"https:\/\/www.monteabellon.com\/en\/wp-json\/wp\/v2\/product"}],"about":[{"href":"https:\/\/www.monteabellon.com\/en\/wp-json\/wp\/v2\/types\/product"}],"wp:featuredmedia":[{"embeddable":true,"href":"https:\/\/www.monteabellon.com\/en\/wp-json\/wp\/v2\/media\/2253"}],"wp:attachment":[{"href":"https:\/\/www.monteabellon.com\/en\/wp-json\/wp\/v2\/media?parent=2286"}],"wp:term":[{"taxonomy":"product_brand","embeddable":true,"href":"https:\/\/www.monteabellon.com\/en\/wp-json\/wp\/v2\/product_brand?post=2286"},{"taxonomy":"product_cat","embeddable":true,"href":"https:\/\/www.monteabellon.com\/en\/wp-json\/wp\/v2\/product_cat?post=2286"},{"taxonomy":"product_tag","embeddable":true,"href":"https:\/\/www.monteabellon.com\/en\/wp-json\/wp\/v2\/product_tag?post=2286"}],"curies":[{"name":"wp","href":"https:\/\/api.w.org\/{rel}","templated":true}]}}