{"id":2288,"date":"2020-12-03T13:44:00","date_gmt":"2020-12-03T12:44:00","guid":{"rendered":"https:\/\/www.monteabellon.com\/nuestros-vinos\/tres-denominaciones-de-origen-para-descubrir\/"},"modified":"2025-01-17T11:29:38","modified_gmt":"2025-01-17T10:29:38","slug":"tres-denominaciones-de-origen-para-descubrir","status":"publish","type":"product","link":"https:\/\/www.monteabellon.com\/en\/nuestros-vinos\/tres-denominaciones-de-origen-para-descubrir\/","title":{"rendered":"Tres denominaciones de origen para descubrir"},"content":{"rendered":"<p>Un estuche regalo con un variado surtido de vinos de las tres Denominaciones de Origen en las que elaboramos. Un completo surtido de botellas que nos invitar\u00e1 a viajar por tres de las denominaciones de origen m\u00e1s importantes de Espa\u00f1a y descubrir sus caracter\u00edsticas m\u00e1s importantes.<\/p>\n<p>1 botella Monteabellon Verdejo<br \/>\n1 botella Avaniel Rosado<br \/>\n1 botella Monteabell\u00f3n 5 meses<br \/>\n1 botella Monteabell\u00f3n 14 meses<br \/>\n1 botella Finca Matambres<br \/>\n1 botella Finca Athus Crianza<br \/>\nAbridor de regalo<\/p>\n","protected":false},"excerpt":{"rendered":"<p>Un estuche regalo con un variado surtido de vinos de las tres Denominaciones de Origen en las que elaboramos. Un completo surtido de botellas que nos invitar\u00e1 a viajar por&#8230;<\/p>\n","protected":false},"featured_media":2242,"template":"","meta":[],"product_brand":[],"product_cat":[72],"product_tag":[],"class_list":{"0":"post-2288","1":"product","2":"type-product","3":"status-publish","4":"has-post-thumbnail","6":"product_cat-gift-ideas","8":"first","9":"instock","10":"shipping-taxable","11":"purchasable","12":"product-type-simple"},"_links":{"self":[{"href":"https:\/\/www.monteabellon.com\/en\/wp-json\/wp\/v2\/product\/2288","targetHints":{"allow":["GET"]}}],"collection":[{"href":"https:\/\/www.monteabellon.com\/en\/wp-json\/wp\/v2\/product"}],"about":[{"href":"https:\/\/www.monteabellon.com\/en\/wp-json\/wp\/v2\/types\/product"}],"wp:featuredmedia":[{"embeddable":true,"href":"https:\/\/www.monteabellon.com\/en\/wp-json\/wp\/v2\/media\/2242"}],"wp:attachment":[{"href":"https:\/\/www.monteabellon.com\/en\/wp-json\/wp\/v2\/media?parent=2288"}],"wp:term":[{"taxonomy":"product_brand","embeddable":true,"href":"https:\/\/www.monteabellon.com\/en\/wp-json\/wp\/v2\/product_brand?post=2288"},{"taxonomy":"product_cat","embeddable":true,"href":"https:\/\/www.monteabellon.com\/en\/wp-json\/wp\/v2\/product_cat?post=2288"},{"taxonomy":"product_tag","embeddable":true,"href":"https:\/\/www.monteabellon.com\/en\/wp-json\/wp\/v2\/product_tag?post=2288"}],"curies":[{"name":"wp","href":"https:\/\/api.w.org\/{rel}","templated":true}]}}