{"id":4061,"date":"2024-01-31T13:42:55","date_gmt":"2024-01-31T12:42:55","guid":{"rendered":"https:\/\/www.monteabellon.com\/nuestros-vinos\/monteabellon-14-meses-2\/"},"modified":"2026-01-23T18:40:51","modified_gmt":"2026-01-23T17:40:51","slug":"diseno-con-monteabellon","status":"publish","type":"product","link":"https:\/\/www.monteabellon.com\/en\/nuestros-vinos\/diseno-con-monteabellon\/","title":{"rendered":"D\u00edselo con Monteabell\u00f3n"},"content":{"rendered":"<p>En San Valent\u00edn, d\u00edselo con Monteabell\u00f3n. Sorprende a quien t\u00fa quieras con una botella de Monteabell\u00f3n 14 meses, una visita para dos personas y una tarjeta personalizada.<br \/>\nInd\u00edcanos en comentarios el texto que desees que aparezca en la tarjeta y enviaremos el pack donde t\u00fa quieras.<br \/>\nPodr\u00e1s canjear la visita hasta final de 2024, siempre con reserva previa en comunicacion@monteabellon.com o llamando al 947 55 00 00.<\/p>\n","protected":false},"excerpt":{"rendered":"<p>En San Valent\u00edn, d\u00edselo con Monteabell\u00f3n. Sorprende a quien t\u00fa quieras con una botella de Monteabell\u00f3n 14 meses, una visita para dos personas y una tarjeta personalizada. Ind\u00edcanos en comentarios&#8230;<\/p>\n","protected":false},"featured_media":4055,"template":"","meta":[],"product_brand":[],"product_cat":[104],"product_tag":[],"class_list":{"0":"post-4061","1":"product","2":"type-product","3":"status-publish","4":"has-post-thumbnail","6":"product_cat-san-valentin-en","8":"first","9":"instock","10":"shipping-taxable","11":"purchasable","12":"product-type-simple"},"_links":{"self":[{"href":"https:\/\/www.monteabellon.com\/en\/wp-json\/wp\/v2\/product\/4061","targetHints":{"allow":["GET"]}}],"collection":[{"href":"https:\/\/www.monteabellon.com\/en\/wp-json\/wp\/v2\/product"}],"about":[{"href":"https:\/\/www.monteabellon.com\/en\/wp-json\/wp\/v2\/types\/product"}],"wp:featuredmedia":[{"embeddable":true,"href":"https:\/\/www.monteabellon.com\/en\/wp-json\/wp\/v2\/media\/4055"}],"wp:attachment":[{"href":"https:\/\/www.monteabellon.com\/en\/wp-json\/wp\/v2\/media?parent=4061"}],"wp:term":[{"taxonomy":"product_brand","embeddable":true,"href":"https:\/\/www.monteabellon.com\/en\/wp-json\/wp\/v2\/product_brand?post=4061"},{"taxonomy":"product_cat","embeddable":true,"href":"https:\/\/www.monteabellon.com\/en\/wp-json\/wp\/v2\/product_cat?post=4061"},{"taxonomy":"product_tag","embeddable":true,"href":"https:\/\/www.monteabellon.com\/en\/wp-json\/wp\/v2\/product_tag?post=4061"}],"curies":[{"name":"wp","href":"https:\/\/api.w.org\/{rel}","templated":true}]}}