{"id":5195,"date":"2025-06-25T14:31:35","date_gmt":"2025-06-25T12:31:35","guid":{"rendered":"https:\/\/www.monteabellon.com\/nuestros-vinos\/al-oeste-do-monte-albarino\/"},"modified":"2026-03-04T11:37:20","modified_gmt":"2026-03-04T10:37:20","slug":"al-oeste-do-monte-albarino","status":"publish","type":"product","link":"https:\/\/www.monteabellon.com\/en\/nuestros-vinos\/al-oeste-do-monte-albarino\/","title":{"rendered":"Al oeste do Monte Albari\u00f1o"},"content":{"rendered":"<p>A fresh and persistent Albari\u00f1o from the Saln\u00e9s subzone, in the R\u00edas Baixas DO. With floral and citrus aromas. Ideal with seafood, white fish, sushi or mild cheeses.<\/p>\n","protected":false},"excerpt":{"rendered":"<p>A fresh and persistent Albari\u00f1o from the Saln\u00e9s subzone, in the R\u00edas Baixas DO. With floral and citrus aromas. Ideal with seafood, white fish, sushi or mild cheeses.<\/p>\n","protected":false},"featured_media":5021,"template":"","meta":[],"product_brand":[],"product_cat":[125],"product_tag":[],"class_list":{"0":"post-5195","1":"product","2":"type-product","3":"status-publish","4":"has-post-thumbnail","6":"product_cat-do-rias-baixas-en","8":"first","9":"outofstock","10":"shipping-taxable","11":"product-type-variable"},"_links":{"self":[{"href":"https:\/\/www.monteabellon.com\/en\/wp-json\/wp\/v2\/product\/5195","targetHints":{"allow":["GET"]}}],"collection":[{"href":"https:\/\/www.monteabellon.com\/en\/wp-json\/wp\/v2\/product"}],"about":[{"href":"https:\/\/www.monteabellon.com\/en\/wp-json\/wp\/v2\/types\/product"}],"wp:featuredmedia":[{"embeddable":true,"href":"https:\/\/www.monteabellon.com\/en\/wp-json\/wp\/v2\/media\/5021"}],"wp:attachment":[{"href":"https:\/\/www.monteabellon.com\/en\/wp-json\/wp\/v2\/media?parent=5195"}],"wp:term":[{"taxonomy":"product_brand","embeddable":true,"href":"https:\/\/www.monteabellon.com\/en\/wp-json\/wp\/v2\/product_brand?post=5195"},{"taxonomy":"product_cat","embeddable":true,"href":"https:\/\/www.monteabellon.com\/en\/wp-json\/wp\/v2\/product_cat?post=5195"},{"taxonomy":"product_tag","embeddable":true,"href":"https:\/\/www.monteabellon.com\/en\/wp-json\/wp\/v2\/product_tag?post=5195"}],"curies":[{"name":"wp","href":"https:\/\/api.w.org\/{rel}","templated":true}]}}